{"id":1633,"date":"2020-12-07T22:05:10","date_gmt":"2020-12-07T22:05:10","guid":{"rendered":"http:\/\/feuerwehr-schaalby.de\/?page_id=1633"},"modified":"2020-12-22T21:57:20","modified_gmt":"2020-12-22T21:57:20","slug":"jugendfeuerwehr-bezirk-tolk","status":"publish","type":"page","link":"https:\/\/feuerwehr-schaalby.de\/?page_id=1633","title":{"rendered":"Jugendfeuerwehr Bezirk Tolk"},"content":{"rendered":"\n<h2 class=\"has-text-align-center has-luminous-vivid-orange-color has-text-color wp-block-heading\"><strong>Jugendfeuerwehr Bezirk Tolk<\/strong><\/h2>\n\n\n\n<p class=\"has-text-align-center\">Noch keine 18 Jahre, aber du willst am liebsten jetzt schon zur Feuerwehr?<\/p>\n\n\n\n<p class=\"has-text-align-center\">Dann schau doch bei der Jugendfeuerwehr Bezirk Tolk vorbei. Hier kannst du schon viele Eindr\u00fccke des Feuerwehralltags sammeln. In einem einzigartigem Team lernst du auf verschiedensten Weisen alles \u00fcber Trupps und ihre Aufgaben, Wasserf\u00fchrende Armaturen, Funk, alles rund um die L\u00f6schmittel, Leitern, Fahrzeuge, Atemschutz, Kameradschaft, Zusammenhalt und vieles mehr.<\/p>\n\n\n\n<figure class=\"wp-block-image size-large\"><a href=\"https:\/\/feuerwehr-schaalby.de\/wordpress\/wp-content\/uploads\/2020\/12\/14305430_1016213225167565_6344228235828929538_o-scaled.jpg\"><img loading=\"lazy\" decoding=\"async\" width=\"1024\" height=\"398\" src=\"http:\/\/feuerwehr-schaalby.de\/wordpress\/wp-content\/uploads\/2020\/12\/14305430_1016213225167565_6344228235828929538_o-1024x398.jpg\" alt=\"\" class=\"wp-image-1647\" srcset=\"https:\/\/feuerwehr-schaalby.de\/wordpress\/wp-content\/uploads\/2020\/12\/14305430_1016213225167565_6344228235828929538_o-1024x398.jpg 1024w, https:\/\/feuerwehr-schaalby.de\/wordpress\/wp-content\/uploads\/2020\/12\/14305430_1016213225167565_6344228235828929538_o-300x117.jpg 300w, https:\/\/feuerwehr-schaalby.de\/wordpress\/wp-content\/uploads\/2020\/12\/14305430_1016213225167565_6344228235828929538_o-768x298.jpg 768w, https:\/\/feuerwehr-schaalby.de\/wordpress\/wp-content\/uploads\/2020\/12\/14305430_1016213225167565_6344228235828929538_o-1536x597.jpg 1536w, https:\/\/feuerwehr-schaalby.de\/wordpress\/wp-content\/uploads\/2020\/12\/14305430_1016213225167565_6344228235828929538_o-2048x796.jpg 2048w\" sizes=\"auto, (max-width: 767px) 89vw, (max-width: 1000px) 54vw, (max-width: 1071px) 543px, 580px\" \/><\/a><\/figure>\n\n\n<p style=\"text-align: center;\">Die Jugendfeuerwehr wurde 22.05.1996 mit 22 Mitgliedern mit dem Namen <em>Jugendfeuerwehr im Amt Tolk<\/em> gegr\u00fcndet. 2005 wurde das Wort <em>im<\/em> im Namen gestrichen und es war von nun an die <em>Jugendfeuerwehr Amt Tolk<\/em>. Durch die \u00c4mterzusammenlegung existierten 2 Jugendfeuerwehren im Amt. Daher wurde am 01.01.2007 noch einmal eine Namens\u00e4nderung in <em>Jugendfeuerwehr Bezirk Tolk<\/em> durchgef\u00fchrt. Heute sind es weitaus mehr Kinder und fast die H\u00e4lfte der JF besteht aus M\u00e4dchen.&nbsp;<\/p>\n<p style=\"text-align: center;\">Eine tolle engagierte Truppe, aber schau doch einfach mal selbst, es gibt so viel zu entdecken&#8230;<\/p>\n<p style=\"text-align: center;\"><a href=\"http:\/\/jf-tolk.de\/\" target=\"_blank\" rel=\"noopener noreferrer\">Hier kommst du ganz einfach zur Internetseite der JF<\/a><\/p>\n<p style=\"text-align: center;\">und&nbsp;<\/p>\n<p style=\"text-align: center;\"><a href=\"https:\/\/www.facebook.com\/jugendfeuerwehr.tolk\" target=\"_blank\" rel=\"noopener noreferrer\">hier geht es zur Facebookseite der JF<\/a><\/p>\n\n\n<p><\/p>\n","protected":false},"excerpt":{"rendered":"<p>Jugendfeuerwehr Bezirk Tolk Noch keine 18 Jahre, aber du willst am liebsten jetzt schon zur Feuerwehr? Dann schau doch bei der Jugendfeuerwehr Bezirk Tolk vorbei. Hier kannst du schon viele Eindr\u00fccke des Feuerwehralltags sammeln. In einem einzigartigem Team lernst du auf verschiedensten Weisen alles \u00fcber Trupps und ihre Aufgaben, Wasserf\u00fchrende Armaturen, Funk, alles rund um &hellip; <\/p>\n<p class=\"link-more\"><a href=\"https:\/\/feuerwehr-schaalby.de\/?page_id=1633\" class=\"more-link\"><span class=\"screen-reader-text\">\u201eJugendfeuerwehr Bezirk Tolk\u201c<\/span> weiterlesen<\/a><\/p>\n","protected":false},"author":4,"featured_media":0,"parent":0,"menu_order":0,"comment_status":"closed","ping_status":"closed","template":"","meta":{"ngg_post_thumbnail":0,"footnotes":""},"class_list":["post-1633","page","type-page","status-publish","hentry"],"_links":{"self":[{"href":"https:\/\/feuerwehr-schaalby.de\/index.php?rest_route=\/wp\/v2\/pages\/1633","targetHints":{"allow":["GET"]}}],"collection":[{"href":"https:\/\/feuerwehr-schaalby.de\/index.php?rest_route=\/wp\/v2\/pages"}],"about":[{"href":"https:\/\/feuerwehr-schaalby.de\/index.php?rest_route=\/wp\/v2\/types\/page"}],"author":[{"embeddable":true,"href":"https:\/\/feuerwehr-schaalby.de\/index.php?rest_route=\/wp\/v2\/users\/4"}],"replies":[{"embeddable":true,"href":"https:\/\/feuerwehr-schaalby.de\/index.php?rest_route=%2Fwp%2Fv2%2Fcomments&post=1633"}],"version-history":[{"count":13,"href":"https:\/\/feuerwehr-schaalby.de\/index.php?rest_route=\/wp\/v2\/pages\/1633\/revisions"}],"predecessor-version":[{"id":1916,"href":"https:\/\/feuerwehr-schaalby.de\/index.php?rest_route=\/wp\/v2\/pages\/1633\/revisions\/1916"}],"wp:attachment":[{"href":"https:\/\/feuerwehr-schaalby.de\/index.php?rest_route=%2Fwp%2Fv2%2Fmedia&parent=1633"}],"curies":[{"name":"wp","href":"https:\/\/api.w.org\/{rel}","templated":true}]}}