{"id":1693,"date":"2020-12-09T19:40:38","date_gmt":"2020-12-09T19:40:38","guid":{"rendered":"http:\/\/feuerwehr-schaalby.de\/?page_id=1693"},"modified":"2020-12-22T21:59:23","modified_gmt":"2020-12-22T21:59:23","slug":"firecard","status":"publish","type":"page","link":"https:\/\/feuerwehr-schaalby.de\/?page_id=1693","title":{"rendered":"Fire Card"},"content":{"rendered":"\n<h2 class=\"has-text-align-center has-vivid-red-color has-text-color wp-block-heading\"><strong>Fire Card<\/strong><\/h2>\n\n\n\n<div class=\"wp-block-image\"><figure class=\"aligncenter size-large is-resized\"><img loading=\"lazy\" decoding=\"async\" src=\"http:\/\/feuerwehr-schaalby.de\/wordpress\/wp-content\/uploads\/2020\/12\/20201209_213426-1024x632.jpg\" alt=\"\" class=\"wp-image-1715\" width=\"356\" height=\"219\" srcset=\"https:\/\/feuerwehr-schaalby.de\/wordpress\/wp-content\/uploads\/2020\/12\/20201209_213426-1024x632.jpg 1024w, https:\/\/feuerwehr-schaalby.de\/wordpress\/wp-content\/uploads\/2020\/12\/20201209_213426-300x185.jpg 300w, https:\/\/feuerwehr-schaalby.de\/wordpress\/wp-content\/uploads\/2020\/12\/20201209_213426-768x474.jpg 768w, https:\/\/feuerwehr-schaalby.de\/wordpress\/wp-content\/uploads\/2020\/12\/20201209_213426-1536x948.jpg 1536w, https:\/\/feuerwehr-schaalby.de\/wordpress\/wp-content\/uploads\/2020\/12\/20201209_213426-2048x1264.jpg 2048w\" sizes=\"auto, (max-width: 356px) 100vw, 356px\" \/><\/figure><\/div>\n\n\n<p style=\"text-align: center;\">Die Fire Card ist eine Bonuskarte f\u00fcr uns ehrenamtliche Kameradinnen und Kameraden. Zahlreiche Firmen aus dem gesamten Kreisgebiet unterst\u00fctzen dieses Vorhaben und gew\u00e4hren uns verschiedene Verg\u00fcnstigungen.<\/p>\n<p style=\"text-align: center;\">Von der Kategorie Auto &amp; Mobiles, \u00fcber Musik, bis hin zu Reise &amp; Unterk\u00fcnfte bieten verschiedenste Unternehmen verschiedenste Verg\u00fcnstigungen an.<\/p>\n<p style=\"text-align: center;\">St\u00f6ber doch einfach mal <a href=\"https:\/\/www.kfv-slfl.de\/firecard\" target=\"_blank\" rel=\"noopener noreferrer\">hier<\/a> und schau wo du \u00fcberall deine Fire Card benutzen kannst.<\/p>\n\n\n<p><\/p>\n","protected":false},"excerpt":{"rendered":"<p>Fire Card Die Fire Card ist eine Bonuskarte f\u00fcr uns ehrenamtliche Kameradinnen und Kameraden. Zahlreiche Firmen aus dem gesamten Kreisgebiet unterst\u00fctzen dieses Vorhaben und gew\u00e4hren uns verschiedene Verg\u00fcnstigungen. Von der Kategorie Auto &amp; Mobiles, \u00fcber Musik, bis hin zu Reise &amp; Unterk\u00fcnfte bieten verschiedenste Unternehmen verschiedenste Verg\u00fcnstigungen an. St\u00f6ber doch einfach mal hier und schau &hellip; <\/p>\n<p class=\"link-more\"><a href=\"https:\/\/feuerwehr-schaalby.de\/?page_id=1693\" class=\"more-link\"><span class=\"screen-reader-text\">\u201eFire Card\u201c<\/span> weiterlesen<\/a><\/p>\n","protected":false},"author":4,"featured_media":0,"parent":0,"menu_order":0,"comment_status":"closed","ping_status":"closed","template":"","meta":{"ngg_post_thumbnail":0,"footnotes":""},"class_list":["post-1693","page","type-page","status-publish","hentry"],"_links":{"self":[{"href":"https:\/\/feuerwehr-schaalby.de\/index.php?rest_route=\/wp\/v2\/pages\/1693","targetHints":{"allow":["GET"]}}],"collection":[{"href":"https:\/\/feuerwehr-schaalby.de\/index.php?rest_route=\/wp\/v2\/pages"}],"about":[{"href":"https:\/\/feuerwehr-schaalby.de\/index.php?rest_route=\/wp\/v2\/types\/page"}],"author":[{"embeddable":true,"href":"https:\/\/feuerwehr-schaalby.de\/index.php?rest_route=\/wp\/v2\/users\/4"}],"replies":[{"embeddable":true,"href":"https:\/\/feuerwehr-schaalby.de\/index.php?rest_route=%2Fwp%2Fv2%2Fcomments&post=1693"}],"version-history":[{"count":9,"href":"https:\/\/feuerwehr-schaalby.de\/index.php?rest_route=\/wp\/v2\/pages\/1693\/revisions"}],"predecessor-version":[{"id":1920,"href":"https:\/\/feuerwehr-schaalby.de\/index.php?rest_route=\/wp\/v2\/pages\/1693\/revisions\/1920"}],"wp:attachment":[{"href":"https:\/\/feuerwehr-schaalby.de\/index.php?rest_route=%2Fwp%2Fv2%2Fmedia&parent=1693"}],"curies":[{"name":"wp","href":"https:\/\/api.w.org\/{rel}","templated":true}]}}