{"id":1698,"date":"2020-12-09T20:06:34","date_gmt":"2020-12-09T20:06:34","guid":{"rendered":"http:\/\/feuerwehr-schaalby.de\/?page_id=1698"},"modified":"2020-12-22T22:00:49","modified_gmt":"2020-12-22T22:00:49","slug":"rauchmelder","status":"publish","type":"page","link":"https:\/\/feuerwehr-schaalby.de\/?page_id=1698","title":{"rendered":"Rauchmelder"},"content":{"rendered":"\n<h2 class=\"has-text-align-center has-vivid-red-color has-text-color wp-block-heading\"><strong>Rauchmelder<\/strong><\/h2>\n\n\n<h2 class=\"main-title\" style=\"text-align: center;\">Rauchmelder warnen rechtzeitig vor den t\u00f6dlichen Rauchgasen<\/h2>\n<p style=\"text-align: center;\">Jeden Monat sterben in Deutschland immer noch rund 30 Menschen durch Br\u00e4nde, die meisten von ihnen an einer Rauchvergiftung. T\u00f6dlich ist bei einem Brand in der Regel nicht das Feuer, sondern der Brandrauch. Bereits eine Lungenf\u00fcllung mit Brandrauch kann irreversible k\u00f6rperliche Sch\u00e4den verursachen. Ursache f\u00fcr die etwa 200.000 Br\u00e4nde im Jahr ist im Gegensatz zur landl\u00e4ufigen Meinung nicht nur Fahrl\u00e4ssigkeit: Sehr oft l\u00f6sen auch technische Defekte Br\u00e4nde aus.<\/p>\n<p style=\"text-align: center;\">Vor allem nachts werden Br\u00e4nde in Privathaushalten zur t\u00f6dlichen Gefahr, denn im Tiefschlaf riecht der Mensch nichts. Schon drei Atemz\u00fcge hochgiftigen Brandrauchs k\u00f6nnen t\u00f6dlich sein, die Opfer werden im Schlaf bewusstlos und ersticken. Daher ist ein Rauchmelder der beste Lebensretter in Ihrer Wohnung. Der laute Alarm des Rauchmelders warnt Sie auch im Schlaf rechtzeitig vor der Brandgefahr und gibt Ihnen den n\u00f6tigen zeitlichen Vorsprung, sich und Ihre Familie in Sicherheit zu bringen und die Feuerwehr zu alarmieren. Zigarettenrauch l\u00f6st \u00fcbrigens bei qualitativ hochwertigen Rauchmeldern keinen Alarm aus, solange die Zigarette nicht direkt unter den Rauchmelder gehalten wird.<\/p>\n<p style=\"text-align: center;\">&nbsp;<\/p>\n\n\n<p class=\"has-text-align-center\">Wie viel Zeit haben ich, wenn es in meiner Wohnung brennt? Wie verhalte ich mich und was ist zu beachten?<\/p>\n\n\n\n<figure class=\"wp-block-embed-youtube wp-block-embed is-type-video is-provider-youtube wp-embed-aspect-16-9 wp-has-aspect-ratio\"><div class=\"wp-block-embed__wrapper\">\n<iframe loading=\"lazy\" title=\"120 Sekunden, um zu \u00fcberleben. Was tun, wenn\u2019s brennt?\" width=\"525\" height=\"295\" src=\"https:\/\/www.youtube.com\/embed\/RWh9owxtWzU?feature=oembed\" frameborder=\"0\" allow=\"accelerometer; autoplay; clipboard-write; encrypted-media; gyroscope; picture-in-picture; web-share\" referrerpolicy=\"strict-origin-when-cross-origin\" allowfullscreen><\/iframe>\n<\/div><\/figure>\n\n\n\n<p><\/p>\n\n\n<p style=\"text-align: center;\">In Deutschland gilt die Rauchmelder-Pflicht mittlerweile per Gesetz landesweit.<\/p>\n<p style=\"text-align: center;\">Per Gesetz soll mit der Rauchmelder-Pflicht ein Mindestschutz f\u00fcr alle Personen, die im Haushalt leben, gew\u00e4hrleistet werden. Hierunter fallen Rauchmelder in allen Schlafr\u00e4umen, Kinderzimmern sowie im Eingangsbereich und in Fluren, die als Rettungswege im Brandfall fungieren. Dar\u00fcber hinaus ist die Installation von Rauchmeldern aber auch in weiteren R\u00e4umen zu empfehlen<\/p>\n\n\n<p>Quelle: <a href=\"http:\/\/www.rauchmelder-lebensretter.de\" target=\"_blank\" rel=\"noreferrer noopener\">www.rauchmelder-lebensretter.de<\/a><\/p>\n","protected":false},"excerpt":{"rendered":"<p>Rauchmelder Rauchmelder warnen rechtzeitig vor den t\u00f6dlichen Rauchgasen Jeden Monat sterben in Deutschland immer noch rund 30 Menschen durch Br\u00e4nde, die meisten von ihnen an einer Rauchvergiftung. T\u00f6dlich ist bei einem Brand in der Regel nicht das Feuer, sondern der Brandrauch. Bereits eine Lungenf\u00fcllung mit Brandrauch kann irreversible k\u00f6rperliche Sch\u00e4den verursachen. Ursache f\u00fcr die etwa &hellip; <\/p>\n<p class=\"link-more\"><a href=\"https:\/\/feuerwehr-schaalby.de\/?page_id=1698\" class=\"more-link\"><span class=\"screen-reader-text\">\u201eRauchmelder\u201c<\/span> weiterlesen<\/a><\/p>\n","protected":false},"author":4,"featured_media":0,"parent":0,"menu_order":0,"comment_status":"closed","ping_status":"closed","template":"","meta":{"ngg_post_thumbnail":0,"footnotes":""},"class_list":["post-1698","page","type-page","status-publish","hentry"],"_links":{"self":[{"href":"https:\/\/feuerwehr-schaalby.de\/index.php?rest_route=\/wp\/v2\/pages\/1698","targetHints":{"allow":["GET"]}}],"collection":[{"href":"https:\/\/feuerwehr-schaalby.de\/index.php?rest_route=\/wp\/v2\/pages"}],"about":[{"href":"https:\/\/feuerwehr-schaalby.de\/index.php?rest_route=\/wp\/v2\/types\/page"}],"author":[{"embeddable":true,"href":"https:\/\/feuerwehr-schaalby.de\/index.php?rest_route=\/wp\/v2\/users\/4"}],"replies":[{"embeddable":true,"href":"https:\/\/feuerwehr-schaalby.de\/index.php?rest_route=%2Fwp%2Fv2%2Fcomments&post=1698"}],"version-history":[{"count":5,"href":"https:\/\/feuerwehr-schaalby.de\/index.php?rest_route=\/wp\/v2\/pages\/1698\/revisions"}],"predecessor-version":[{"id":1924,"href":"https:\/\/feuerwehr-schaalby.de\/index.php?rest_route=\/wp\/v2\/pages\/1698\/revisions\/1924"}],"wp:attachment":[{"href":"https:\/\/feuerwehr-schaalby.de\/index.php?rest_route=%2Fwp%2Fv2%2Fmedia&parent=1698"}],"curies":[{"name":"wp","href":"https:\/\/api.w.org\/{rel}","templated":true}]}}