{"id":1975,"date":"2020-12-22T23:39:58","date_gmt":"2020-12-22T23:39:58","guid":{"rendered":"http:\/\/feuerwehr-schaalby.de\/?page_id=1975"},"modified":"2020-12-22T23:39:58","modified_gmt":"2020-12-22T23:39:58","slug":"laufbahn-dienstgrad","status":"publish","type":"page","link":"https:\/\/feuerwehr-schaalby.de\/?page_id=1975","title":{"rendered":"Laufbahn\/Dienstgrad"},"content":{"rendered":"\n<p><\/p>\n\n\n\n<figure class=\"wp-block-table is-style-regular\"><table class=\"has-fixed-layout\"><thead><tr><th class=\"has-text-align-center\" data-align=\"center\">Dienstgrad<\/th><th class=\"has-text-align-center\" data-align=\"center\">Abzeichen<\/th><th class=\"has-text-align-center\" data-align=\"center\">Funktion(en)<\/th><th class=\"has-text-align-center\" data-align=\"center\">Voraussetzungen<\/th><\/tr><\/thead><tbody><tr><td class=\"has-text-align-center\" data-align=\"center\">Feuerwehrfrau-anw\u00e4rterin,<br>Feuerwehrmann-anw\u00e4rter<\/td><td class=\"has-text-align-center\" data-align=\"center\"><img decoding=\"async\" src=\"https:\/\/upload.wikimedia.org\/wikipedia\/commons\/b\/b2\/Anwaerter.jpg\"><\/td><td class=\"has-text-align-center\" data-align=\"center\">Mitglied der<br>Jugendabteilung<br>Eintritt als aktives Mitglied<\/td><td class=\"has-text-align-center\" data-align=\"center\">Allgemeine Voraussetzungen f\u00fcr den Feuerwehrdienst bzw. Jugend-feuerwehrdienst<\/td><\/tr><tr><td class=\"has-text-align-center\" data-align=\"center\">Feuerwehrfrau,<br>Feuerwehrmann<\/td><td class=\"has-text-align-center\" data-align=\"center\"><img decoding=\"async\" src=\"https:\/\/upload.wikimedia.org\/wikipedia\/commons\/0\/0f\/Feuerwehrmann.jpg\"><\/td><td class=\"has-text-align-center\" data-align=\"center\">Mitglied der L\u00f6schgruppe<\/td><td class=\"has-text-align-center\" data-align=\"center\">Grundausbildung<br>Lehrgang Truppfrau\/<br>Truppmann Teil 1<\/td><\/tr><tr><td class=\"has-text-align-center\" data-align=\"center\">Oberfeuerwehrfrau,<br>Oberfeuerwehrmann<\/td><td class=\"has-text-align-center\" data-align=\"center\"><img decoding=\"async\" src=\"https:\/\/upload.wikimedia.org\/wikipedia\/commons\/c\/c7\/Oberfeuerwehrmann.jpg\"><\/td><td class=\"has-text-align-center\" data-align=\"center\">Mitglied der L\u00f6schgruppe<\/td><td class=\"has-text-align-center\" data-align=\"center\">Abgeschlossene Ausbildung zum<br>Truppmann\/-frau nach 3 Jahren<br>(1 J bis TM I und 2 J bis TM II) und<br>mind. eine technische Aus-bildung 3 Jahre entsprechen der Dauer der<br>Ausbildung, eine aktive Dienstzeit ist<br>nicht Voraussetzung, die Zeiten in der<br>Jugendabteilung finden Anrechnung.<\/td><\/tr><tr><td class=\"has-text-align-center\" data-align=\"center\">Hauptfeuerwehrfrau<strong>, <\/strong>Hauptfeuerwehr-mann<\/td><td class=\"has-text-align-center\" data-align=\"center\"><img decoding=\"async\" src=\"https:\/\/upload.wikimedia.org\/wikipedia\/commons\/b\/be\/Hauptfeuerwehrmann.jpg\"><\/td><td class=\"has-text-align-center\" data-align=\"center\">Mitglied der L\u00f6schgruppe<\/td><td class=\"has-text-align-center\" data-align=\"center\">Lehrg\u00e4nge Truppf\u00fchrung,<br>mind. 1 technische Ausbildung<\/td><\/tr><tr><td class=\"has-text-align-center\" data-align=\"center\">Hauptfeuerwehr-frau***<strong>, <\/strong>Hauptfeuerwehr-mann***<\/td><td class=\"has-text-align-center\" data-align=\"center\"><img decoding=\"async\" src=\"https:\/\/upload.wikimedia.org\/wikipedia\/commons\/9\/9c\/Hfm3s.jpg\"><\/td><td class=\"has-text-align-center\" data-align=\"center\">Funktion im Wehrvorstand<br>Sicherheits-beauftragte\/r<br>Brandschutz-erzieher\/in<br>bzw. Brand-schutzaufkl\u00e4rer\/in<br>(in der Regel nach<br>Bew\u00e4hrung in der<br>jeweiligen Funktion)<\/td><td class=\"has-text-align-center\" data-align=\"center\">Lehrg\u00e4nge Truppf\u00fchrung,<br>mind. 1 technische Ausbildung<\/td><\/tr><tr><td class=\"has-text-align-center\" data-align=\"center\">L\u00f6schmeisterin,<br>L\u00f6schmeister<\/td><td class=\"has-text-align-center\" data-align=\"center\"><img decoding=\"async\" src=\"https:\/\/upload.wikimedia.org\/wikipedia\/commons\/3\/3a\/Loeschmeister.jpg\"><\/td><td class=\"has-text-align-center\" data-align=\"center\">stellv. Gruppenf\u00fchrung<br>oder Mitglied der<br>L\u00f6schgruppe<\/td><td class=\"has-text-align-center\" data-align=\"center\">Lehrg\u00e4nge Truppf\u00fchrung und<br>mind. 2 technische Ausbildungen und eine aktive Dienstzeit von 15 Jahren oder<br>Lehrg\u00e4nge Gruppenf\u00fchrung<\/td><\/tr><tr><td class=\"has-text-align-center\" data-align=\"center\">Oberl\u00f6schmeisterin,<br>Oberl\u00f6schmeister<\/td><td class=\"has-text-align-center\" data-align=\"center\"><img decoding=\"async\" src=\"https:\/\/upload.wikimedia.org\/wikipedia\/commons\/c\/ca\/Oberloeschmeister.jpg\"><\/td><td class=\"has-text-align-center\" data-align=\"center\">Gruppenf\u00fchrung<br>Gruppenf\u00fchrung L\u00f6schzug<br>Gefahrgut (LZG)<br>IuK im F\u00fchrungs-Stab bzw. Technischer<br>Einsatzleitung (TEL)<\/td><td class=\"has-text-align-center\" data-align=\"center\">Lehrg\u00e4nge Gruppenf\u00fchrung,<br>ggf. F\u00fchren im ABC-Einsatz,<br>ggf. Fachausbildung IuK<\/td><\/tr><tr><td class=\"has-text-align-center\" data-align=\"center\">Hauptl\u00f6schmeisterin, Hauptl\u00f6schmeister<\/td><td class=\"has-text-align-center\" data-align=\"center\"><img decoding=\"async\" src=\"https:\/\/upload.wikimedia.org\/wikipedia\/commons\/2\/22\/Hauptloeschmeister.jpg\"><\/td><td class=\"has-text-align-center\" data-align=\"center\">Jugendfeuerwehr-wart\/in<br>Kreisausbilder\/in<\/td><td class=\"has-text-align-center\" data-align=\"center\">Lehrg\u00e4nge Gruppenf\u00fchrung,<br>ggf. Lehrgang Jugendfeuerwehr-wart, ggf. Kreisausbildung in der Feuerwehr<\/td><\/tr><tr><td class=\"has-text-align-center\" data-align=\"center\">Hauptl\u00f6sch-meisterin***, Hauptl\u00f6schmeister***<\/td><td class=\"has-text-align-center\" data-align=\"center\"><img decoding=\"async\" src=\"https:\/\/upload.wikimedia.org\/wikipedia\/commons\/c\/c4\/Erster_hauptloeschmeister.jpg\" alt=\"Datei:Erster hauptloeschmeister.jpg\"><\/td><td class=\"has-text-align-center\" data-align=\"center\">Stellvertretende<br>Ortswehrf\u00fchrung (bis 1.000 Einwohner)<\/td><td class=\"has-text-align-center\" data-align=\"center\">Lehrg\u00e4nge Gruppenf\u00fchrung,<br>Leiten einer Feuerwehr<\/td><\/tr><tr><td class=\"has-text-align-center\" data-align=\"center\">Brandmeisterin,<br>Brandmeister<\/td><td class=\"has-text-align-center\" data-align=\"center\"><img decoding=\"async\" src=\"https:\/\/upload.wikimedia.org\/wikipedia\/commons\/2\/2e\/Brandmeister.jpg\" alt=\"Datei:Brandmeister.jpg\"><\/td><td class=\"has-text-align-center\" data-align=\"center\">Ortswehrf\u00fchrung (bis 1.000 Ew), Zugf\u00fchrung<br>Lehrgangsleiter\/in oder<br>Kreisfachwart\/in<br>F\u00fchrungsstab oder<br>Technische Einsatzleitung<\/td><td class=\"has-text-align-center\" data-align=\"center\">Lehrg\u00e4nge Leiten einer Feuerwehr<br>bzw. Zugf\u00fchrung,<br>ggf. Lehrgang Kreisausbildung und<br>Zugf\u00fchrung<\/td><\/tr><tr><td class=\"has-text-align-center\" data-align=\"center\">Oberbrandmeisterin,<br>Oberbrandmeister<\/td><td class=\"has-text-align-center\" data-align=\"center\"><img decoding=\"async\" src=\"https:\/\/upload.wikimedia.org\/wikipedia\/commons\/a\/ab\/Oberbrandmeister.jpg\" alt=\"Datei:Oberbrandmeister.jpg\"><\/td><td class=\"has-text-align-center\" data-align=\"center\">Ortswehrf\u00fchrung (1.001 bis 5.000 Ew)<br>Gemeindewehr-f\u00fchrung <br>(bis 1.000 Ew)<br>Kreisfachwart\/in f\u00fcr<br>Ausbildung<\/td><td class=\"has-text-align-center\" data-align=\"center\">Lehrg\u00e4nge Zugf\u00fchrung und Leiten<br>einer Feuerwehr,<br>ggf. Lehrgang Kreisausbildung in der Feuerwehr<\/td><\/tr><tr><td class=\"has-text-align-center\" data-align=\"center\">Hauptbrand-meisterin, Hauptbrandmeister<\/td><td class=\"has-text-align-center\" data-align=\"center\"><img decoding=\"async\" src=\"https:\/\/upload.wikimedia.org\/wikipedia\/commons\/6\/6e\/Hauptbrandmeister.jpg\" alt=\"Datei:Hauptbrandmeister.jpg\"><\/td><td class=\"has-text-align-center\" data-align=\"center\">Ortswehrf\u00fchrung (5.001 <br>bis 15.000 Ew),<br>Gemeindewehr-f\u00fchrung<br>(1.001 bis 5.000 Ew),<br>Kreisjugendfeuer-wehrwart\/in,<br>Zugf\u00fchrung LZG; <br>F\u00fc-Stab<br>und TEL S1, S2, S4, S5,S6<\/td><td class=\"has-text-align-center\" data-align=\"center\">Lehrg\u00e4nge Zugf\u00fchrung,<br>Verbandsf\u00fchrung,<br>ggf. Lehrgang Leiten einer Feuerwehr,<br>ggf. Lehrgang Jugendfeuerwehr-wart\/in,<br>ggf. Lehrgang F\u00fchren im ABC Einsatz,<br>ggf. Einf\u00fchrung in die Stabsarbeit und<br>Leitungsausbildung IuK<\/td><\/tr><tr><td class=\"has-text-align-center\" data-align=\"center\">Hauptbrand-meisterin***, Hauptbrand-meister***<\/td><td class=\"has-text-align-center\" data-align=\"center\"><img decoding=\"async\" src=\"https:\/\/upload.wikimedia.org\/wikipedia\/commons\/c\/ca\/Erster_hauptbrandmeister.jpg\" alt=\"Datei:Erster hauptbrandmeister.jpg\"><\/td><td class=\"has-text-align-center\" data-align=\"center\">F\u00fchrung von<br>Feuerwehrbereit-schaften,<br>Ortswehrf\u00fchrung (\u00fcber 5.000 Ew),<br>Amts- und Gwf (5.001 bis <br>15.000 Ew)<\/td><td class=\"has-text-align-center\" data-align=\"center\">Lehrg\u00e4nge Zugf\u00fchrung und<br>Verbandsf\u00fchrung,<br>ggf. Lehrgang Leiten einer Feuerwehr<\/td><\/tr><tr><td class=\"has-text-align-center\" data-align=\"center\">Erste<br>Hauptbrandmeisterin,<br>Erster Hauptbrandmeister<\/td><td class=\"has-text-align-center\" data-align=\"center\"><img decoding=\"async\" src=\"https:\/\/upload.wikimedia.org\/wikipedia\/commons\/9\/98\/Hbm1.jpg\" alt=\"Datei:Hbm1.jpg\"><\/td><td class=\"has-text-align-center\" data-align=\"center\">Amts- bzw.<br>Gemeindewehr-f\u00fchrung<br>(\u00fcber 15.000 Ew),<br>F\u00fc-Stab TEL S3,<br>ggfs. Leiter\/in Stab<\/td><td class=\"has-text-align-center\" data-align=\"center\">Lehrg\u00e4nge Zugf\u00fchrung und<br>Verbandsf\u00fchrung und Einf\u00fchrung in<br>Stabsarbeit,<br>ggf. Lehrgang Leiten einer Feuerwehr<\/td><\/tr><tr><td class=\"has-text-align-center\" data-align=\"center\">Erste<br>Hauptbrandmeisterin *,<br>Erster Hauptbrandmeister<br>*<\/td><td class=\"has-text-align-center\" data-align=\"center\"><img decoding=\"async\" src=\"https:\/\/upload.wikimedia.org\/wikipedia\/commons\/f\/fe\/Kreisbrandmeister.jpg\" alt=\"Datei:Kreisbrandmeister.jpg\"><\/td><td class=\"has-text-align-center\" data-align=\"center\">Stellv. Stadt\/-<br>Kreiswehrf\u00fchrer<\/td><td class=\"has-text-align-center\" data-align=\"center\">Lehrg\u00e4nge Zugf\u00fchrung und<br>Verbandsf\u00fchrung und Leiten einer<br>Feuerwehr<\/td><\/tr><tr><td class=\"has-text-align-center\" data-align=\"center\">Kreis-<br>\/Stadtbrandmeisterin,<br>Kreis-\/Stadtbrandmeister<\/td><td class=\"has-text-align-center\" data-align=\"center\"><img decoding=\"async\" src=\"https:\/\/upload.wikimedia.org\/wikipedia\/commons\/d\/d0\/Kbm.jpg\" alt=\"Datei:Kbm.jpg\"><\/td><td class=\"has-text-align-center\" data-align=\"center\">Kreis-, Stadtwehrf\u00fchrung<\/td><td class=\"has-text-align-center\" data-align=\"center\">Lehrg\u00e4nge Zugf\u00fchrung und<br>Verbandsf\u00fchrung und Leiten einer<br>Feuerwehr<\/td><\/tr><tr><td class=\"has-text-align-center\" data-align=\"center\">Landesbrandmeisterin,<br>Landesbrandmeister<\/td><td class=\"has-text-align-center\" data-align=\"center\"><img decoding=\"async\" src=\"https:\/\/upload.wikimedia.org\/wikipedia\/commons\/e\/e2\/Lbm.jpg\" alt=\"Datei:Lbm.jpg\"><\/td><td class=\"has-text-align-center\" data-align=\"center\">Vorsitzende\/-r des<br>Landesfeuerwehr-verbandes<\/td><td class=\"has-text-align-center\" data-align=\"center\"><\/td><\/tr><\/tbody><\/table><\/figure>\n\n\n\n<div class=\"wp-block-buttons is-layout-flex wp-block-buttons-is-layout-flex\"><\/div>\n","protected":false},"excerpt":{"rendered":"<p>Dienstgrad Abzeichen Funktion(en) Voraussetzungen Feuerwehrfrau-anw\u00e4rterin,Feuerwehrmann-anw\u00e4rter Mitglied derJugendabteilungEintritt als aktives Mitglied Allgemeine Voraussetzungen f\u00fcr den Feuerwehrdienst bzw. Jugend-feuerwehrdienst Feuerwehrfrau,Feuerwehrmann Mitglied der L\u00f6schgruppe GrundausbildungLehrgang Truppfrau\/Truppmann Teil 1 Oberfeuerwehrfrau,Oberfeuerwehrmann Mitglied der L\u00f6schgruppe Abgeschlossene Ausbildung zumTruppmann\/-frau nach 3 Jahren(1 J bis TM I und 2 J bis TM II) undmind. eine technische Aus-bildung 3 Jahre entsprechen der Dauer derAusbildung, &hellip; <\/p>\n<p class=\"link-more\"><a href=\"https:\/\/feuerwehr-schaalby.de\/?page_id=1975\" class=\"more-link\"><span class=\"screen-reader-text\">\u201eLaufbahn\/Dienstgrad\u201c<\/span> weiterlesen<\/a><\/p>\n","protected":false},"author":4,"featured_media":0,"parent":0,"menu_order":0,"comment_status":"closed","ping_status":"closed","template":"","meta":{"ngg_post_thumbnail":0,"footnotes":""},"class_list":["post-1975","page","type-page","status-publish","hentry"],"_links":{"self":[{"href":"https:\/\/feuerwehr-schaalby.de\/index.php?rest_route=\/wp\/v2\/pages\/1975","targetHints":{"allow":["GET"]}}],"collection":[{"href":"https:\/\/feuerwehr-schaalby.de\/index.php?rest_route=\/wp\/v2\/pages"}],"about":[{"href":"https:\/\/feuerwehr-schaalby.de\/index.php?rest_route=\/wp\/v2\/types\/page"}],"author":[{"embeddable":true,"href":"https:\/\/feuerwehr-schaalby.de\/index.php?rest_route=\/wp\/v2\/users\/4"}],"replies":[{"embeddable":true,"href":"https:\/\/feuerwehr-schaalby.de\/index.php?rest_route=%2Fwp%2Fv2%2Fcomments&post=1975"}],"version-history":[{"count":1,"href":"https:\/\/feuerwehr-schaalby.de\/index.php?rest_route=\/wp\/v2\/pages\/1975\/revisions"}],"predecessor-version":[{"id":1977,"href":"https:\/\/feuerwehr-schaalby.de\/index.php?rest_route=\/wp\/v2\/pages\/1975\/revisions\/1977"}],"wp:attachment":[{"href":"https:\/\/feuerwehr-schaalby.de\/index.php?rest_route=%2Fwp%2Fv2%2Fmedia&parent=1975"}],"curies":[{"name":"wp","href":"https:\/\/api.w.org\/{rel}","templated":true}]}}