{"id":2333,"date":"2021-05-07T19:07:19","date_gmt":"2021-05-07T19:07:19","guid":{"rendered":"https:\/\/feuerwehr-schaalby.de\/?page_id=2333"},"modified":"2021-05-07T19:07:19","modified_gmt":"2021-05-07T19:07:19","slug":"unbeschwertes-grillen","status":"publish","type":"page","link":"https:\/\/feuerwehr-schaalby.de\/?page_id=2333","title":{"rendered":"Unbeschwertes Grillen"},"content":{"rendered":"\n<h2 class=\"has-text-align-center wp-block-heading\"><strong><span class=\"has-inline-color has-vivid-red-color\">Brandschutztipps f\u00fcr<\/span><\/strong> <span class=\"has-inline-color has-vivid-red-color\"><strong>Unbeschwertes Grillen<\/strong><\/span><\/h2>\n\n\n<p>\u2022 Grill auf festen und ebenen Untergrund im Freien stellen<\/p>\n<p>\u2022 Sicherheitsabstand zu brennbaren Materialien halten<br>Den Grill nicht neben Gartenm\u00f6beln oder trockenen Hecken stellen<\/p>\n<p>\u2022 Niemals Benzin, Spiritus, Petroleum oder andere leicht brennbare<br>Fl\u00fcssigkeiten zum Anz\u00fcnden des Grills verwenden oder in die Glut sch\u00fctten<\/p>\n<p>\u2022 Nur ungef\u00e4hrliche und sicherheitsgepr\u00fcfte Grillanz\u00fcnder verwenden<\/p>\n<p>\u2022 Grill nie unbeaufsichtigt lassen<\/p>\n<p>\u2022 L\u00f6schmittel bereithalten<br>Einen Eimer Wasser, Sand oder einen Feuerl\u00f6scher bereithalten. Selbst ein<br>bereitgelegter Gartenschlauch kann im Notfall n\u00fctzliche Hilfe sein.<\/p>\n<p>\u2022 Besonders auf Kinder achten<\/p>\n<p>\u2022 Rest Glut und Asche erst nach v\u00f6lligem Erkalten entsorgen.<\/p>\n<h2 class=\"left\">Wenn doch etwas passiert:<\/h2>\n<ul class=\"pfeil_rt\">\n<li>Alarmieren Sie bei einem Brand oder Unfall unverz\u00fcglich den Rettungsdienst und die Feuerwehr \u00fcber die Notruf-Nummer 112.<\/li>\n<li>Brennende Personen mit einem Tuch, einer Jacke oder einer Decke einh\u00fcllen und auf dem Boden rollen.<\/li>\n<li>Verbrennungen k\u00fchlen Sie sofort mit viel Wasser (nicht k\u00e4lter als 15\u00b0C), bis sp\u00fcrbare Schmerzlinderung eintritt. Achten Sie bei ausgedehnten Verbrennungen unbedingt auf die Unterk\u00fchlungsgefahr. Begeben Sie sich sofort in \u00e4rztliche Behandlung.<\/li>\n<\/ul>\n<p>&nbsp;<\/p>\n<p>Schaut doch einfach mal bei <a href=\"https:\/\/www.paulinchen.de\/\">Paulinchen | eV \u2013&nbsp;Initiative f\u00fcr brandverletzte Kinder<\/a>&nbsp; vorbei.&nbsp;<\/p>\n<p>Hier findet ihr unter anderem ein kleines Aufkl\u00e4rungsvideo.<\/p>\n\n\n<figure class=\"wp-block-embed is-type-video is-provider-youtube wp-block-embed-youtube wp-embed-aspect-16-9 wp-has-aspect-ratio\"><div class=\"wp-block-embed__wrapper\">\n<iframe loading=\"lazy\" title=\"Grillunf\u00e4lle verhindern - Tipps f\u00fcr sicheres Grillen von Paulinchen e.V.\" width=\"525\" height=\"295\" src=\"https:\/\/www.youtube.com\/embed\/M-A3oIaeC_g?feature=oembed\" frameborder=\"0\" allow=\"accelerometer; autoplay; clipboard-write; encrypted-media; gyroscope; picture-in-picture; web-share\" referrerpolicy=\"strict-origin-when-cross-origin\" allowfullscreen><\/iframe>\n<\/div><\/figure>\n","protected":false},"excerpt":{"rendered":"<p>Brandschutztipps f\u00fcr Unbeschwertes Grillen \u2022 Grill auf festen und ebenen Untergrund im Freien stellen \u2022 Sicherheitsabstand zu brennbaren Materialien haltenDen Grill nicht neben Gartenm\u00f6beln oder trockenen Hecken stellen \u2022 Niemals Benzin, Spiritus, Petroleum oder andere leicht brennbareFl\u00fcssigkeiten zum Anz\u00fcnden des Grills verwenden oder in die Glut sch\u00fctten \u2022 Nur ungef\u00e4hrliche und sicherheitsgepr\u00fcfte Grillanz\u00fcnder verwenden \u2022 &hellip; <\/p>\n<p class=\"link-more\"><a href=\"https:\/\/feuerwehr-schaalby.de\/?page_id=2333\" class=\"more-link\"><span class=\"screen-reader-text\">\u201eUnbeschwertes Grillen\u201c<\/span> weiterlesen<\/a><\/p>\n","protected":false},"author":4,"featured_media":0,"parent":0,"menu_order":0,"comment_status":"closed","ping_status":"closed","template":"","meta":{"ngg_post_thumbnail":0,"footnotes":""},"class_list":["post-2333","page","type-page","status-publish","hentry"],"_links":{"self":[{"href":"https:\/\/feuerwehr-schaalby.de\/index.php?rest_route=\/wp\/v2\/pages\/2333","targetHints":{"allow":["GET"]}}],"collection":[{"href":"https:\/\/feuerwehr-schaalby.de\/index.php?rest_route=\/wp\/v2\/pages"}],"about":[{"href":"https:\/\/feuerwehr-schaalby.de\/index.php?rest_route=\/wp\/v2\/types\/page"}],"author":[{"embeddable":true,"href":"https:\/\/feuerwehr-schaalby.de\/index.php?rest_route=\/wp\/v2\/users\/4"}],"replies":[{"embeddable":true,"href":"https:\/\/feuerwehr-schaalby.de\/index.php?rest_route=%2Fwp%2Fv2%2Fcomments&post=2333"}],"version-history":[{"count":3,"href":"https:\/\/feuerwehr-schaalby.de\/index.php?rest_route=\/wp\/v2\/pages\/2333\/revisions"}],"predecessor-version":[{"id":2336,"href":"https:\/\/feuerwehr-schaalby.de\/index.php?rest_route=\/wp\/v2\/pages\/2333\/revisions\/2336"}],"wp:attachment":[{"href":"https:\/\/feuerwehr-schaalby.de\/index.php?rest_route=%2Fwp%2Fv2%2Fmedia&parent=2333"}],"curies":[{"name":"wp","href":"https:\/\/api.w.org\/{rel}","templated":true}]}}